{"id":2,"date":"2022-07-22T08:45:01","date_gmt":"2022-07-22T08:45:01","guid":{"rendered":"https:\/\/hardcore-mirzakhani.82-220-38-86.plesk.page\/?page_id=2"},"modified":"2026-05-07T18:23:01","modified_gmt":"2026-05-07T18:23:01","slug":"sample-page","status":"publish","type":"page","link":"https:\/\/roeglsperger.com\/","title":{"rendered":"Startseite"},"content":{"rendered":"\n<section id=\"gma73aab0\" class=\"wp-block-gutentor-m3 section-gma73aab0 gutentor-module gutentor-container-cover has-image-bg has-custom-bg has-gutentor-overlay g-valign-c-mobile g-valign-c-tablet g-valign-c-desktop\"><div class=\"grid-container\"><div class=\"wp-block-image\">\n<figure class=\"aligncenter size-large is-resized\"><img loading=\"lazy\" decoding=\"async\" width=\"1024\" height=\"662\" src=\"https:\/\/roeglsperger.com\/\/wp-content\/uploads\/2023\/04\/rrlogowhtie-1024x662.png\" alt=\"\" class=\"wp-image-610\" style=\"width:513px;height:332px\" srcset=\"https:\/\/roeglsperger.com\/wp-content\/uploads\/2023\/04\/rrlogowhtie-1024x662.png 1024w, https:\/\/roeglsperger.com\/wp-content\/uploads\/2023\/04\/rrlogowhtie-300x194.png 300w, https:\/\/roeglsperger.com\/wp-content\/uploads\/2023\/04\/rrlogowhtie-768x497.png 768w, https:\/\/roeglsperger.com\/wp-content\/uploads\/2023\/04\/rrlogowhtie.png 1469w\" sizes=\"auto, (max-width: 1024px) 100vw, 1024px\" \/><\/figure>\n<\/div><\/div><\/section>\n\n\n\n<div style=\"height:10px\" aria-hidden=\"true\" class=\"wp-block-spacer\"><\/div>\n\n\n\n<section id=\"gmdba41e5\" class=\"wp-block-gutentor-m3 section-gmdba41e5 gutentor-module gutentor-container-cover has-image-bg has-custom-bg has-gutentor-overlay\"><div class=\"grid-container\">\n<div style=\"height:56px\" aria-hidden=\"true\" id=\"wirkung\" class=\"wp-block-spacer\"><\/div>\n\n\n\n<h3 class=\"wp-block-heading has-text-align-center has-nv-text-dark-bg-color has-text-color has-link-color wp-elements-abc8914b7222d2bc35881e3e83b45dee\">Felsenkeller ge\u00f6ffnet 29.06. &#8211; 06.07. 2026<\/h3>\n\n\n\n<p class=\"has-nv-text-dark-bg-color has-text-color\"><strong>Unser Weingut in Z\u00f6bing am Kamp ist ein Ort von unvergleichlicher Sch\u00f6nheit und Qualit\u00e4t. Der Standort unseres Weinkellers in der Lauser Kellergasse ist von unz\u00e4hligen Naturwundern umgeben, darunter die beeindruckenden Lagen Heiligenstein und Pfaffenberg.<\/strong><\/p>\n\n\n\n<h2 class=\"wp-block-heading has-nv-text-dark-bg-color has-text-color\">Das Weingut im Kamptal<\/h2>\n\n\n\n<p class=\"has-nv-text-dark-bg-color has-text-color\">Die Bewirtschaftung unseres Familienbetriebs und der Weing\u00e4rten ist das Ergebnis einer generations\u00fcbergreifenden Zusammenarbeit. So haben wir uns im Laufe der Jahre einen Namen gemacht und k\u00f6nnen stolz auf unsere Weine sein. Unsere Weine sind einzigartig und das liegt an vielen verschiedenen Faktoren, die alle zusammenwirken, um unseren Weinen ihre unvergleichliche Qualit\u00e4t zu verleihen. Einer dieser Faktoren sind die abwechslungsreichen B\u00f6den, auf denen unsere Reben wachsen. Wir haben L\u00f6ss, Urgestein, Sand, Schiefer und Lehm, die alle unterschiedliche Eigenschaften haben und somit jede Traube auf eine einzigartige Art und Weise beeinflussen.<\/p>\n\n\n\n<p class=\"has-nv-text-dark-bg-color has-text-color\">Ein weiterer Faktor ist das Kleinklima des Kamptals, das sich durch hei\u00dfe Tage und k\u00fchle N\u00e4chte auszeichnet. Diese Temperaturschwankungen f\u00f6rdern die Bildung von Aromen und sorgen f\u00fcr eine ausgewogene S\u00e4urestruktur in unseren Weinen. Um die Vorz\u00fcge jedes Jahrgangs zu optimieren, legen wir gro\u00dfen Wert auf eine sorgf\u00e4ltige Arbeit im Weinberg und im Keller. Wir stellen sicher, dass wir jede Traube zum perfekten Zeitpunkt ernten und dass jede Weincharge individuell behandelt wird, um die einzigartigen Charakteristika jedes Jahrgangs zu erhalten.<\/p>\n\n\n\n<p class=\"has-nv-text-dark-bg-color has-text-color\"><strong>Zu unseren bekanntesten Lagen geh\u00f6ren Strasser Hasel, Pfaffenberg, Wechselberg (Kogelberg) und Heiligenstein. Jede dieser Lagen hat ihre eigenen einzigartigen Eigenschaften und tr\u00e4gt zur Vielfalt unserer Weine bei.<\/strong><\/p>\n\n\n\n<p class=\"has-nv-text-dark-bg-color has-text-color\">Wir laden Sie herzlich ein, unsere facettenreichen Weine in unserem Verkostungskeller in der Lauser Kellergasse zu probieren. Wir sind stolz darauf, unsere Weine direkt vor Ort zu verkaufen und unsere Kunden pers\u00f6nlich zu betreuen.<\/p>\n\n\n\n<h2 class=\"wp-block-heading has-nv-text-dark-bg-color has-text-color\">News aus dem Weingut<\/h2>\n\n\n\n<p><\/p>\n\n\n\n<div style=\"height:25px\" aria-hidden=\"true\" class=\"wp-block-spacer\"><\/div>\n<\/div><\/section>\n\n\n\n<div style=\"height:10px\" aria-hidden=\"true\" class=\"wp-block-spacer\"><\/div>\n\n\n\n<section id=\"gm68ea82d\" class=\"wp-block-gutentor-m3 section-gm68ea82d gutentor-module gutentor-container-cover has-image-bg has-custom-bg g-valign-c-mobile g-valign-c-tablet g-valign-c-desktop\"><div class=\"grid-container\"><\/div><\/section>\n\n\n\n<div style=\"height:10px\" aria-hidden=\"true\" class=\"wp-block-spacer\"><\/div>\n\n\n\n<section id=\"gm0680f11\" class=\"wp-block-gutentor-m3 section-gm0680f11 gutentor-module gutentor-container-cover has-image-bg has-custom-bg has-gutentor-overlay\"><div class=\"grid-container\">\n<div style=\"height:81px\" aria-hidden=\"true\" id=\"wirkung\" class=\"wp-block-spacer\"><\/div>\n\n\n\n<h2 class=\"wp-block-heading has-nv-text-dark-bg-color has-text-color\">Der Felsenkeller Z\u00f6bing<\/h2>\n\n\n\n<p class=\"has-nv-text-dark-bg-color has-text-color\">Unser uriges Heurigenlokal \u201eZ\u00f6binger Felsenkeller\u201c (gibt es schon seit 1961) und &nbsp;befindet sich direkt an der B34 \u2013 ca. 200m ausserhalb von Z\u00f6bing \u2013 Richtung Gars\/Kamp. Beliebt ist unser Heuriger wegen unserer Weine, den selbstgemachten Speisen nach alten Rezepten und dem t\u00e4glich selbstgebackenem Brot. Wir bieten Platz f\u00fcr ca. 90 Personen und an lauen Sommerabenden k\u00f6nnen Sie von der Terrasse aus, den Blick zum Kamp und die Weing\u00e4rten geniessen.<\/p>\n\n\n\n<h2 class=\"wp-block-heading has-text-align-center has-nv-text-dark-bg-color has-text-color has-link-color wp-elements-8e73d7511228cb398958164c5d785da7\">Unsere Heurigentermine 2026<\/h2>\n\n\n\n<p class=\"has-text-align-center has-nv-text-dark-bg-color has-text-color has-link-color wp-elements-157f931e1cbb0bd6b9b77d5860e670c6\" style=\"font-size:21px\"><\/p>\n\n\n\n<p class=\"has-text-align-center has-nv-text-dark-bg-color has-text-color has-link-color wp-elements-fffc65f045542c146d91c40380522db0\" style=\"font-size:21px\">29.06. &#8211; 06.07.2026<\/p>\n\n\n\n<p class=\"has-text-align-center has-nv-text-dark-bg-color has-text-color has-link-color wp-elements-31b3a167d149964cd42caf18b8ea636b\" style=\"font-size:21px\">31.08. &#8211; 07.09.2026<\/p>\n\n\n\n<p class=\"has-text-align-center has-nv-text-dark-bg-color has-text-color has-link-color wp-elements-cee9c53560b79fd4def3edde0eeca1dc\" style=\"font-size:21px\">26.10. &#8211; 02.11.2026<br><br><br><\/p>\n\n\n\n<p class=\"has-nv-text-dark-bg-color has-text-color\"><\/p>\n\n\n\n<p><\/p>\n\n\n\n<div style=\"height:25px\" aria-hidden=\"true\" class=\"wp-block-spacer\"><\/div>\n<\/div><\/section>\n\n\n\n<div style=\"height:10px\" aria-hidden=\"true\" class=\"wp-block-spacer\"><\/div>\n\n\n\n<section id=\"gm35bf698\" class=\"wp-block-gutentor-m3 section-gm35bf698 gutentor-module gutentor-container-cover has-image-bg has-custom-bg has-gutentor-overlay g-valign-c-mobile g-valign-c-tablet g-valign-c-desktop\"><div class=\"grid-container\"><\/div><\/section>\n\n\n\n<div style=\"height:10px\" aria-hidden=\"true\" class=\"wp-block-spacer\"><\/div>\n","protected":false},"excerpt":{"rendered":"","protected":false},"author":1,"featured_media":0,"parent":0,"menu_order":0,"comment_status":"closed","ping_status":"open","template":"","meta":{"_coblocks_attr":"","_coblocks_dimensions":"","_coblocks_responsive_height":"","_coblocks_accordion_ie_support":"","_uag_custom_page_level_css":"","neve_meta_sidebar":"","neve_meta_container":"full-width","neve_meta_enable_content_width":"","neve_meta_content_width":0,"neve_meta_title_alignment":"","neve_meta_author_avatar":"","neve_post_elements_order":"","neve_meta_disable_header":"","neve_meta_disable_footer":"","neve_meta_disable_title":"on","_themeisle_gutenberg_block_has_review":false,"footnotes":""},"class_list":["post-2","page","type-page","status-publish","hentry"],"uagb_featured_image_src":{"full":false,"thumbnail":false,"medium":false,"medium_large":false,"large":false,"1536x1536":false,"2048x2048":false,"neve-blog":false},"uagb_author_info":{"display_name":"admin","author_link":"https:\/\/roeglsperger.com\/?author=1"},"uagb_comment_info":0,"uagb_excerpt":null,"_links":{"self":[{"href":"https:\/\/roeglsperger.com\/index.php?rest_route=\/wp\/v2\/pages\/2","targetHints":{"allow":["GET"]}}],"collection":[{"href":"https:\/\/roeglsperger.com\/index.php?rest_route=\/wp\/v2\/pages"}],"about":[{"href":"https:\/\/roeglsperger.com\/index.php?rest_route=\/wp\/v2\/types\/page"}],"author":[{"embeddable":true,"href":"https:\/\/roeglsperger.com\/index.php?rest_route=\/wp\/v2\/users\/1"}],"replies":[{"embeddable":true,"href":"https:\/\/roeglsperger.com\/index.php?rest_route=%2Fwp%2Fv2%2Fcomments&post=2"}],"version-history":[{"count":108,"href":"https:\/\/roeglsperger.com\/index.php?rest_route=\/wp\/v2\/pages\/2\/revisions"}],"predecessor-version":[{"id":820,"href":"https:\/\/roeglsperger.com\/index.php?rest_route=\/wp\/v2\/pages\/2\/revisions\/820"}],"wp:attachment":[{"href":"https:\/\/roeglsperger.com\/index.php?rest_route=%2Fwp%2Fv2%2Fmedia&parent=2"}],"curies":[{"name":"wp","href":"https:\/\/api.w.org\/{rel}","templated":true}]}}