{"id":662,"date":"2023-04-27T05:20:07","date_gmt":"2023-04-27T05:20:07","guid":{"rendered":"https:\/\/condescending-kare.82-220-38-86.plesk.page\/?page_id=662"},"modified":"2024-02-15T06:31:53","modified_gmt":"2024-02-15T06:31:53","slug":"weingut","status":"publish","type":"page","link":"https:\/\/roeglsperger.com\/?page_id=662","title":{"rendered":"Weingut"},"content":{"rendered":"\n<div style=\"height:10px\" aria-hidden=\"true\" class=\"wp-block-spacer\"><\/div>\n\n\n\n<section id=\"gmfe63e4f\" class=\"wp-block-gutentor-m3 section-gmfe63e4f gutentor-module gutentor-container-cover has-image-bg has-custom-bg has-gutentor-overlay g-valign-c-mobile g-valign-c-tablet g-valign-c-desktop\"><div class=\"grid-container\"><div class=\"wp-block-image\">\n<figure class=\"aligncenter size-large is-resized\"><img loading=\"lazy\" decoding=\"async\" width=\"1024\" height=\"662\" src=\"https:\/\/roeglsperger.com\/\/wp-content\/uploads\/2023\/04\/rrlogowhtie-1024x662.png\" alt=\"\" class=\"wp-image-610\" style=\"width:513px;height:332px\" srcset=\"https:\/\/roeglsperger.com\/wp-content\/uploads\/2023\/04\/rrlogowhtie-1024x662.png 1024w, https:\/\/roeglsperger.com\/wp-content\/uploads\/2023\/04\/rrlogowhtie-300x194.png 300w, https:\/\/roeglsperger.com\/wp-content\/uploads\/2023\/04\/rrlogowhtie-768x497.png 768w, https:\/\/roeglsperger.com\/wp-content\/uploads\/2023\/04\/rrlogowhtie.png 1469w\" sizes=\"auto, (max-width: 1024px) 100vw, 1024px\" \/><\/figure>\n<\/div><\/div><\/section>\n\n\n\n<div style=\"height:10px\" aria-hidden=\"true\" class=\"wp-block-spacer\"><\/div>\n\n\n\n<section id=\"gm4df1290\" class=\"wp-block-gutentor-m3 section-gm4df1290 gutentor-module gutentor-container-cover has-image-bg has-custom-bg has-gutentor-overlay\"><div class=\"grid-container\">\n<div style=\"height:56px\" aria-hidden=\"true\" id=\"wirkung\" class=\"wp-block-spacer\"><\/div>\n\n\n\n<p class=\"has-nv-text-dark-bg-color has-text-color\">Unser Weingut in Z\u00f6bing am Kamp ist ein Ort von unvergleichlicher Sch\u00f6nheit und Qualit\u00e4t. Der Standort unseres Weinkellers in der Lauser Kellergasse ist von unz\u00e4hligen Naturwundern umgeben, darunter die beeindruckenden Lagen Heiligenstein und Pfaffenberg.<\/p>\n\n\n\n<p><\/p>\n\n\n\n<p class=\"has-nv-text-dark-bg-color has-text-color has-link-color wp-elements-03787af0ea2233a7b4e8031124e263db\">Beschreibung Weingut<\/p>\n\n\n\n<figure class=\"wp-block-image size-large\"><img loading=\"lazy\" decoding=\"async\" width=\"1024\" height=\"512\" src=\"https:\/\/roeglsperger.com\/\/wp-content\/uploads\/2024\/02\/kontakt_neu-1024x512.png\" alt=\"\" class=\"wp-image-748\" srcset=\"https:\/\/roeglsperger.com\/wp-content\/uploads\/2024\/02\/kontakt_neu-1024x512.png 1024w, https:\/\/roeglsperger.com\/wp-content\/uploads\/2024\/02\/kontakt_neu-300x150.png 300w, https:\/\/roeglsperger.com\/wp-content\/uploads\/2024\/02\/kontakt_neu-768x384.png 768w, https:\/\/roeglsperger.com\/wp-content\/uploads\/2024\/02\/kontakt_neu.png 1100w\" sizes=\"auto, (max-width: 1024px) 100vw, 1024px\" \/><\/figure>\n\n\n\n<p><\/p>\n\n\n\n<div style=\"height:25px\" aria-hidden=\"true\" class=\"wp-block-spacer\"><\/div>\n<\/div><\/section>\n\n\n\n<div style=\"height:10px\" aria-hidden=\"true\" class=\"wp-block-spacer\"><\/div>\n\n\n\n<section id=\"gm1b76bce\" class=\"wp-block-gutentor-m3 section-gm1b76bce gutentor-module gutentor-container-cover has-image-bg has-custom-bg has-gutentor-overlay g-valign-c-mobile g-valign-c-tablet g-valign-c-desktop\"><div class=\"grid-container\"><\/div><\/section>\n","protected":false},"excerpt":{"rendered":"","protected":false},"author":1,"featured_media":0,"parent":0,"menu_order":0,"comment_status":"closed","ping_status":"closed","template":"","meta":{"_coblocks_attr":"","_coblocks_dimensions":"","_coblocks_responsive_height":"","_coblocks_accordion_ie_support":"","_uag_custom_page_level_css":"","neve_meta_sidebar":"","neve_meta_container":"full-width","neve_meta_enable_content_width":"","neve_meta_content_width":0,"neve_meta_title_alignment":"","neve_meta_author_avatar":"","neve_post_elements_order":"","neve_meta_disable_header":"","neve_meta_disable_footer":"","neve_meta_disable_title":"on","_themeisle_gutenberg_block_has_review":false,"footnotes":""},"class_list":["post-662","page","type-page","status-publish","hentry"],"uagb_featured_image_src":{"full":false,"thumbnail":false,"medium":false,"medium_large":false,"large":false,"1536x1536":false,"2048x2048":false,"neve-blog":false},"uagb_author_info":{"display_name":"admin","author_link":"https:\/\/roeglsperger.com\/?author=1"},"uagb_comment_info":0,"uagb_excerpt":null,"_links":{"self":[{"href":"https:\/\/roeglsperger.com\/index.php?rest_route=\/wp\/v2\/pages\/662","targetHints":{"allow":["GET"]}}],"collection":[{"href":"https:\/\/roeglsperger.com\/index.php?rest_route=\/wp\/v2\/pages"}],"about":[{"href":"https:\/\/roeglsperger.com\/index.php?rest_route=\/wp\/v2\/types\/page"}],"author":[{"embeddable":true,"href":"https:\/\/roeglsperger.com\/index.php?rest_route=\/wp\/v2\/users\/1"}],"replies":[{"embeddable":true,"href":"https:\/\/roeglsperger.com\/index.php?rest_route=%2Fwp%2Fv2%2Fcomments&post=662"}],"version-history":[{"count":8,"href":"https:\/\/roeglsperger.com\/index.php?rest_route=\/wp\/v2\/pages\/662\/revisions"}],"predecessor-version":[{"id":749,"href":"https:\/\/roeglsperger.com\/index.php?rest_route=\/wp\/v2\/pages\/662\/revisions\/749"}],"wp:attachment":[{"href":"https:\/\/roeglsperger.com\/index.php?rest_route=%2Fwp%2Fv2%2Fmedia&parent=662"}],"curies":[{"name":"wp","href":"https:\/\/api.w.org\/{rel}","templated":true}]}}