{"id":704,"date":"2023-05-02T09:59:24","date_gmt":"2023-05-02T09:59:24","guid":{"rendered":"https:\/\/condescending-kare.82-220-38-86.plesk.page\/?page_id=704"},"modified":"2024-04-17T20:14:19","modified_gmt":"2024-04-17T20:14:19","slug":"produkte-2","status":"publish","type":"page","link":"https:\/\/roeglsperger.com\/?page_id=704","title":{"rendered":"Weine"},"content":{"rendered":"\n<div style=\"height:10px\" aria-hidden=\"true\" class=\"wp-block-spacer\"><\/div>\n\n\n\n<section id=\"gm0580932\" class=\"wp-block-gutentor-m3 section-gm0580932 gutentor-module gutentor-container-cover has-image-bg has-custom-bg has-gutentor-overlay g-valign-c-mobile g-valign-c-tablet g-valign-c-desktop\"><div class=\"grid-container\"><div class=\"wp-block-image\">\n<figure class=\"aligncenter size-large is-resized\"><img loading=\"lazy\" decoding=\"async\" width=\"1024\" height=\"662\" src=\"https:\/\/roeglsperger.com\/\/wp-content\/uploads\/2023\/04\/rrlogowhtie-1024x662.png\" alt=\"\" class=\"wp-image-610\" style=\"width:513px;height:332px\" srcset=\"https:\/\/roeglsperger.com\/wp-content\/uploads\/2023\/04\/rrlogowhtie-1024x662.png 1024w, https:\/\/roeglsperger.com\/wp-content\/uploads\/2023\/04\/rrlogowhtie-300x194.png 300w, https:\/\/roeglsperger.com\/wp-content\/uploads\/2023\/04\/rrlogowhtie-768x497.png 768w, https:\/\/roeglsperger.com\/wp-content\/uploads\/2023\/04\/rrlogowhtie.png 1469w\" sizes=\"auto, (max-width: 1024px) 100vw, 1024px\" \/><\/figure>\n<\/div><\/div><\/section>\n\n\n\n<div style=\"height:10px\" aria-hidden=\"true\" class=\"wp-block-spacer\"><\/div>\n\n\n\n<section id=\"gm3bab1c0\" class=\"wp-block-gutentor-m3 section-gm3bab1c0 gutentor-module gutentor-container-cover has-color-bg has-custom-bg\"><div class=\"grid-container\">\n<div style=\"height:56px\" aria-hidden=\"true\" id=\"wirkung\" class=\"wp-block-spacer\"><\/div>\n\n\n\n<p class=\"has-black-color has-text-color\">Unser Weingut in Z\u00f6bing am Kamp ist ein Ort von unvergleichlicher Sch\u00f6nheit und Qualit\u00e4t. Der Standort unseres Weinkellers in der Lauser Kellergasse ist von unz\u00e4hligen Naturwundern umgeben, darunter die beeindruckenden Lagen Heiligenstein und Pfaffenberg.<\/p>\n\n\n\n<div class=\"wp-block-columns is-layout-flex wp-container-core-columns-is-layout-9d6595d7 wp-block-columns-is-layout-flex\">\n<div class=\"wp-block-column is-layout-flow wp-block-column-is-layout-flow\" style=\"flex-basis:33.33%\"><div class=\"wp-block-image\">\n<figure class=\"aligncenter size-large is-resized\"><img loading=\"lazy\" decoding=\"async\" width=\"682\" height=\"1024\" src=\"https:\/\/roeglsperger.com\/\/wp-content\/uploads\/2024\/02\/WhatsApp-Bild-2024-02-15-um-07.19.13_7e639c96-682x1024.jpg\" alt=\"\" class=\"wp-image-738\" style=\"width:210px;height:auto\" srcset=\"https:\/\/roeglsperger.com\/wp-content\/uploads\/2024\/02\/WhatsApp-Bild-2024-02-15-um-07.19.13_7e639c96-682x1024.jpg 682w, https:\/\/roeglsperger.com\/wp-content\/uploads\/2024\/02\/WhatsApp-Bild-2024-02-15-um-07.19.13_7e639c96-200x300.jpg 200w, https:\/\/roeglsperger.com\/wp-content\/uploads\/2024\/02\/WhatsApp-Bild-2024-02-15-um-07.19.13_7e639c96-768x1153.jpg 768w, https:\/\/roeglsperger.com\/wp-content\/uploads\/2024\/02\/WhatsApp-Bild-2024-02-15-um-07.19.13_7e639c96-1023x1536.jpg 1023w, https:\/\/roeglsperger.com\/wp-content\/uploads\/2024\/02\/WhatsApp-Bild-2024-02-15-um-07.19.13_7e639c96.jpg 1066w\" sizes=\"auto, (max-width: 682px) 100vw, 682px\" \/><\/figure>\n<\/div>\n\n\n<p class=\"has-text-align-center has-black-color has-text-color has-link-color wp-elements-85108c59038cd447dd03505d64f7840d\">Schluckulus<\/p>\n<\/div>\n\n\n\n<div class=\"wp-block-column is-layout-flow wp-block-column-is-layout-flow\" style=\"flex-basis:33.33%\"><div class=\"wp-block-image\">\n<figure class=\"aligncenter size-large is-resized\"><img loading=\"lazy\" decoding=\"async\" width=\"682\" height=\"1024\" src=\"https:\/\/roeglsperger.com\/\/wp-content\/uploads\/2024\/02\/WhatsApp-Bild-2024-02-15-um-07.19.13_8cea74e7-682x1024.jpg\" alt=\"\" class=\"wp-image-739\" style=\"width:210px;height:auto\" srcset=\"https:\/\/roeglsperger.com\/wp-content\/uploads\/2024\/02\/WhatsApp-Bild-2024-02-15-um-07.19.13_8cea74e7-682x1024.jpg 682w, https:\/\/roeglsperger.com\/wp-content\/uploads\/2024\/02\/WhatsApp-Bild-2024-02-15-um-07.19.13_8cea74e7-200x300.jpg 200w, https:\/\/roeglsperger.com\/wp-content\/uploads\/2024\/02\/WhatsApp-Bild-2024-02-15-um-07.19.13_8cea74e7-768x1153.jpg 768w, https:\/\/roeglsperger.com\/wp-content\/uploads\/2024\/02\/WhatsApp-Bild-2024-02-15-um-07.19.13_8cea74e7-1023x1536.jpg 1023w, https:\/\/roeglsperger.com\/wp-content\/uploads\/2024\/02\/WhatsApp-Bild-2024-02-15-um-07.19.13_8cea74e7.jpg 1066w\" sizes=\"auto, (max-width: 682px) 100vw, 682px\" \/><\/figure>\n<\/div>\n\n\n<p class=\"has-text-align-center\">Gr\u00fcner Veltliner<br>Ried<br>Z\u00f6binger Pfaffenberg<\/p>\n<\/div>\n\n\n\n<div class=\"wp-block-column is-layout-flow wp-block-column-is-layout-flow\" style=\"flex-basis:33.33%\"><div class=\"wp-block-image\">\n<figure class=\"aligncenter size-large is-resized\"><img loading=\"lazy\" decoding=\"async\" width=\"682\" height=\"1024\" src=\"https:\/\/roeglsperger.com\/\/wp-content\/uploads\/2024\/02\/WhatsApp-Bild-2024-02-15-um-07.19.14_44843fb2-682x1024.jpg\" alt=\"\" class=\"wp-image-733\" style=\"width:210px;height:auto\" srcset=\"https:\/\/roeglsperger.com\/wp-content\/uploads\/2024\/02\/WhatsApp-Bild-2024-02-15-um-07.19.14_44843fb2-682x1024.jpg 682w, https:\/\/roeglsperger.com\/wp-content\/uploads\/2024\/02\/WhatsApp-Bild-2024-02-15-um-07.19.14_44843fb2-200x300.jpg 200w, https:\/\/roeglsperger.com\/wp-content\/uploads\/2024\/02\/WhatsApp-Bild-2024-02-15-um-07.19.14_44843fb2-768x1153.jpg 768w, https:\/\/roeglsperger.com\/wp-content\/uploads\/2024\/02\/WhatsApp-Bild-2024-02-15-um-07.19.14_44843fb2-1023x1536.jpg 1023w, https:\/\/roeglsperger.com\/wp-content\/uploads\/2024\/02\/WhatsApp-Bild-2024-02-15-um-07.19.14_44843fb2.jpg 1066w\" sizes=\"auto, (max-width: 682px) 100vw, 682px\" \/><\/figure>\n<\/div>\n\n\n<p class=\"has-text-align-center\">Gr\u00fcner Veltliner<br>Ried<br>Strasser Hasel<\/p>\n<\/div>\n<\/div>\n\n\n\n<div class=\"wp-block-columns is-layout-flex wp-container-core-columns-is-layout-9d6595d7 wp-block-columns-is-layout-flex\">\n<div class=\"wp-block-column is-layout-flow wp-block-column-is-layout-flow\" style=\"flex-basis:33.33%\"><div class=\"wp-block-image\">\n<figure class=\"aligncenter size-large is-resized\"><img loading=\"lazy\" decoding=\"async\" width=\"682\" height=\"1024\" src=\"https:\/\/roeglsperger.com\/\/wp-content\/uploads\/2024\/02\/WhatsApp-Bild-2024-02-15-um-07.19.15_a8086115-682x1024.jpg\" alt=\"\" class=\"wp-image-736\" style=\"width:210px;height:auto\" srcset=\"https:\/\/roeglsperger.com\/wp-content\/uploads\/2024\/02\/WhatsApp-Bild-2024-02-15-um-07.19.15_a8086115-682x1024.jpg 682w, https:\/\/roeglsperger.com\/wp-content\/uploads\/2024\/02\/WhatsApp-Bild-2024-02-15-um-07.19.15_a8086115-200x300.jpg 200w, https:\/\/roeglsperger.com\/wp-content\/uploads\/2024\/02\/WhatsApp-Bild-2024-02-15-um-07.19.15_a8086115-768x1153.jpg 768w, https:\/\/roeglsperger.com\/wp-content\/uploads\/2024\/02\/WhatsApp-Bild-2024-02-15-um-07.19.15_a8086115-1023x1536.jpg 1023w, https:\/\/roeglsperger.com\/wp-content\/uploads\/2024\/02\/WhatsApp-Bild-2024-02-15-um-07.19.15_a8086115.jpg 1066w\" sizes=\"auto, (max-width: 682px) 100vw, 682px\" \/><\/figure>\n<\/div>\n\n\n<p class=\"has-text-align-center has-black-color has-text-color has-link-color wp-elements-b424761fe02d70be3266e1b7ad99a035\">Gelber Muskateller<\/p>\n<\/div>\n\n\n\n<div class=\"wp-block-column is-layout-flow wp-block-column-is-layout-flow\" style=\"flex-basis:33.33%\"><div class=\"wp-block-image\">\n<figure class=\"aligncenter size-large is-resized\"><img loading=\"lazy\" decoding=\"async\" width=\"682\" height=\"1024\" src=\"https:\/\/roeglsperger.com\/\/wp-content\/uploads\/2024\/02\/WhatsApp-Bild-2024-02-15-um-07.19.13_0891534f-682x1024.jpg\" alt=\"\" class=\"wp-image-740\" style=\"width:210px;height:auto\" srcset=\"https:\/\/roeglsperger.com\/wp-content\/uploads\/2024\/02\/WhatsApp-Bild-2024-02-15-um-07.19.13_0891534f-682x1024.jpg 682w, https:\/\/roeglsperger.com\/wp-content\/uploads\/2024\/02\/WhatsApp-Bild-2024-02-15-um-07.19.13_0891534f-200x300.jpg 200w, https:\/\/roeglsperger.com\/wp-content\/uploads\/2024\/02\/WhatsApp-Bild-2024-02-15-um-07.19.13_0891534f-768x1153.jpg 768w, https:\/\/roeglsperger.com\/wp-content\/uploads\/2024\/02\/WhatsApp-Bild-2024-02-15-um-07.19.13_0891534f-1023x1536.jpg 1023w, https:\/\/roeglsperger.com\/wp-content\/uploads\/2024\/02\/WhatsApp-Bild-2024-02-15-um-07.19.13_0891534f.jpg 1066w\" sizes=\"auto, (max-width: 682px) 100vw, 682px\" \/><\/figure>\n<\/div>\n\n\n<p class=\"has-text-align-center\">Riesling<br>Ried<br>Z\u00f6binger Heiligenstein<\/p>\n<\/div>\n\n\n\n<div class=\"wp-block-column is-layout-flow wp-block-column-is-layout-flow\" style=\"flex-basis:33.33%\"><div class=\"wp-block-image\">\n<figure class=\"aligncenter size-large is-resized\"><img loading=\"lazy\" decoding=\"async\" width=\"682\" height=\"1024\" src=\"https:\/\/roeglsperger.com\/\/wp-content\/uploads\/2024\/02\/WhatsApp-Bild-2024-02-15-um-07.19.15_c68e683b-682x1024.jpg\" alt=\"\" class=\"wp-image-737\" style=\"width:210px;height:auto\" srcset=\"https:\/\/roeglsperger.com\/wp-content\/uploads\/2024\/02\/WhatsApp-Bild-2024-02-15-um-07.19.15_c68e683b-682x1024.jpg 682w, https:\/\/roeglsperger.com\/wp-content\/uploads\/2024\/02\/WhatsApp-Bild-2024-02-15-um-07.19.15_c68e683b-200x300.jpg 200w, https:\/\/roeglsperger.com\/wp-content\/uploads\/2024\/02\/WhatsApp-Bild-2024-02-15-um-07.19.15_c68e683b-768x1153.jpg 768w, https:\/\/roeglsperger.com\/wp-content\/uploads\/2024\/02\/WhatsApp-Bild-2024-02-15-um-07.19.15_c68e683b-1023x1536.jpg 1023w, https:\/\/roeglsperger.com\/wp-content\/uploads\/2024\/02\/WhatsApp-Bild-2024-02-15-um-07.19.15_c68e683b.jpg 1066w\" sizes=\"auto, (max-width: 682px) 100vw, 682px\" \/><\/figure>\n<\/div>\n\n\n<p class=\"has-text-align-center has-black-color has-text-color has-link-color wp-elements-584e15194b547b50bd7f37632a0fec79\">Welschriesling<\/p>\n<\/div>\n<\/div>\n\n\n\n<div class=\"wp-block-columns is-layout-flex wp-container-core-columns-is-layout-9d6595d7 wp-block-columns-is-layout-flex\">\n<div class=\"wp-block-column is-layout-flow wp-block-column-is-layout-flow\" style=\"flex-basis:33.33%\">\n<p class=\"has-text-align-center\">Frizzante <br>vom <br>Gelben Muskateller<\/p>\n<\/div>\n\n\n\n<div class=\"wp-block-column is-layout-flow wp-block-column-is-layout-flow\" style=\"flex-basis:33.33%\"><div class=\"wp-block-image\">\n<figure class=\"aligncenter size-large is-resized\"><img loading=\"lazy\" decoding=\"async\" width=\"682\" height=\"1024\" src=\"https:\/\/roeglsperger.com\/\/wp-content\/uploads\/2024\/02\/WhatsApp-Bild-2024-02-15-um-07.19.14_04c0034c-682x1024.jpg\" alt=\"\" class=\"wp-image-732\" style=\"width:210px;height:auto\" srcset=\"https:\/\/roeglsperger.com\/wp-content\/uploads\/2024\/02\/WhatsApp-Bild-2024-02-15-um-07.19.14_04c0034c-682x1024.jpg 682w, https:\/\/roeglsperger.com\/wp-content\/uploads\/2024\/02\/WhatsApp-Bild-2024-02-15-um-07.19.14_04c0034c-200x300.jpg 200w, https:\/\/roeglsperger.com\/wp-content\/uploads\/2024\/02\/WhatsApp-Bild-2024-02-15-um-07.19.14_04c0034c-768x1153.jpg 768w, https:\/\/roeglsperger.com\/wp-content\/uploads\/2024\/02\/WhatsApp-Bild-2024-02-15-um-07.19.14_04c0034c-1023x1536.jpg 1023w, https:\/\/roeglsperger.com\/wp-content\/uploads\/2024\/02\/WhatsApp-Bild-2024-02-15-um-07.19.14_04c0034c.jpg 1066w\" sizes=\"auto, (max-width: 682px) 100vw, 682px\" \/><\/figure>\n<\/div>\n\n\n<p class=\"has-text-align-center has-black-color has-text-color has-link-color wp-elements-26f9667888dfed2d87e2645620781220\">Ros\u00e9<\/p>\n<\/div>\n\n\n\n<div class=\"wp-block-column is-layout-flow wp-block-column-is-layout-flow\" style=\"flex-basis:33.33%\"><div class=\"wp-block-image\">\n<figure class=\"aligncenter size-large is-resized\"><img loading=\"lazy\" decoding=\"async\" width=\"682\" height=\"1024\" src=\"https:\/\/roeglsperger.com\/\/wp-content\/uploads\/2024\/02\/WhatsApp-Bild-2024-02-15-um-07.19.14_d021eee6-682x1024.jpg\" alt=\"\" class=\"wp-image-735\" style=\"width:210px;height:auto\" srcset=\"https:\/\/roeglsperger.com\/wp-content\/uploads\/2024\/02\/WhatsApp-Bild-2024-02-15-um-07.19.14_d021eee6-682x1024.jpg 682w, https:\/\/roeglsperger.com\/wp-content\/uploads\/2024\/02\/WhatsApp-Bild-2024-02-15-um-07.19.14_d021eee6-200x300.jpg 200w, https:\/\/roeglsperger.com\/wp-content\/uploads\/2024\/02\/WhatsApp-Bild-2024-02-15-um-07.19.14_d021eee6-768x1153.jpg 768w, https:\/\/roeglsperger.com\/wp-content\/uploads\/2024\/02\/WhatsApp-Bild-2024-02-15-um-07.19.14_d021eee6-1023x1536.jpg 1023w, https:\/\/roeglsperger.com\/wp-content\/uploads\/2024\/02\/WhatsApp-Bild-2024-02-15-um-07.19.14_d021eee6.jpg 1066w\" sizes=\"auto, (max-width: 682px) 100vw, 682px\" \/><\/figure>\n<\/div>\n\n\n<p class=\"has-text-align-center\">Zweigelt<br>Ried<br>Z\u00f6binger Pfaffenberg<\/p>\n<\/div>\n<\/div>\n\n\n\n<div style=\"height:25px\" aria-hidden=\"true\" class=\"wp-block-spacer\"><\/div>\n<\/div><\/section>\n\n\n\n<div style=\"height:10px\" aria-hidden=\"true\" class=\"wp-block-spacer\"><\/div>\n\n\n\n<section id=\"gm3cd96ac\" class=\"wp-block-gutentor-m3 section-gm3cd96ac gutentor-module gutentor-container-cover has-image-bg has-custom-bg has-gutentor-overlay g-valign-c-mobile g-valign-c-tablet g-valign-c-desktop\"><div class=\"grid-container\"><\/div><\/section>\n","protected":false},"excerpt":{"rendered":"","protected":false},"author":1,"featured_media":0,"parent":0,"menu_order":0,"comment_status":"closed","ping_status":"closed","template":"","meta":{"_coblocks_attr":"","_coblocks_dimensions":"","_coblocks_responsive_height":"","_coblocks_accordion_ie_support":"","_uag_custom_page_level_css":"","neve_meta_sidebar":"","neve_meta_container":"full-width","neve_meta_enable_content_width":"","neve_meta_content_width":0,"neve_meta_title_alignment":"","neve_meta_author_avatar":"","neve_post_elements_order":"","neve_meta_disable_header":"","neve_meta_disable_footer":"","neve_meta_disable_title":"on","_themeisle_gutenberg_block_has_review":false,"footnotes":""},"class_list":["post-704","page","type-page","status-publish","hentry"],"uagb_featured_image_src":{"full":false,"thumbnail":false,"medium":false,"medium_large":false,"large":false,"1536x1536":false,"2048x2048":false,"neve-blog":false},"uagb_author_info":{"display_name":"admin","author_link":"https:\/\/roeglsperger.com\/?author=1"},"uagb_comment_info":0,"uagb_excerpt":null,"_links":{"self":[{"href":"https:\/\/roeglsperger.com\/index.php?rest_route=\/wp\/v2\/pages\/704","targetHints":{"allow":["GET"]}}],"collection":[{"href":"https:\/\/roeglsperger.com\/index.php?rest_route=\/wp\/v2\/pages"}],"about":[{"href":"https:\/\/roeglsperger.com\/index.php?rest_route=\/wp\/v2\/types\/page"}],"author":[{"embeddable":true,"href":"https:\/\/roeglsperger.com\/index.php?rest_route=\/wp\/v2\/users\/1"}],"replies":[{"embeddable":true,"href":"https:\/\/roeglsperger.com\/index.php?rest_route=%2Fwp%2Fv2%2Fcomments&post=704"}],"version-history":[{"count":7,"href":"https:\/\/roeglsperger.com\/index.php?rest_route=\/wp\/v2\/pages\/704\/revisions"}],"predecessor-version":[{"id":774,"href":"https:\/\/roeglsperger.com\/index.php?rest_route=\/wp\/v2\/pages\/704\/revisions\/774"}],"wp:attachment":[{"href":"https:\/\/roeglsperger.com\/index.php?rest_route=%2Fwp%2Fv2%2Fmedia&parent=704"}],"curies":[{"name":"wp","href":"https:\/\/api.w.org\/{rel}","templated":true}]}}